{"id":2,"date":"2026-03-16T11:22:36","date_gmt":"2026-03-16T10:22:36","guid":{"rendered":"https:\/\/pryncypanlana.devoffteam.eu\/?page_id=2"},"modified":"2026-03-18T13:08:27","modified_gmt":"2026-03-18T12:08:27","slug":"strona-glowna","status":"publish","type":"page","link":"https:\/\/pryncypanlana.devoffteam.eu\/","title":{"rendered":"Strona g\u0142owna"},"content":{"rendered":"\t\t\n\t\t<section id=\"\" class=\"hero mb\" style=\"background-image: url('https:\/\/pryncypanlana.devoffteam.eu\/wp-content\/uploads\/2026\/03\/hero.jpg');\">\n\t\t\t\n\t\t\t<div class=\"container\">\n\t\t\t\t<div class=\"hero__content\">\n\t\t\t\t\t<svg width=\"442\" height=\"163\" viewBox=\"0 0 442 163\" fill=\"none\" xmlns=\"http:\/\/www.w3.org\/2000\/svg\">\n<path fill-rule=\"evenodd\" clip-rule=\"evenodd\" d=\"M0 3.36641H8.56567V159.366H0V118.699V3.36641ZM16.3555 3.36641H26.4084V159.366H16.3555V3.36641ZM34.1984 3.36641H44.5915H75.8253C111.588 3.36641 140.141 24.3783 140.802 60.6209C141.319 95.2051 112.99 118.699 79.1863 118.699H44.5915V159.366H34.1984V3.36641ZM45.0441 39.4907H71.8534C84.4979 39.4907 94.5937 47.4607 94.8275 61.2082C95.0104 74.3263 84.994 83.2378 73.042 83.2378H45.0441V39.4907ZM226.664 161.932C214.33 161.455 202.937 158.243 193.491 153.073V14.297C202.719 8.06247 213.945 3.313 226.664 1.20193V39.7436C219.85 42.889 214.665 47.7576 211.194 52.8607C207.953 57.6236 206.142 63.7595 205.309 69.6047C205.761 69.457 206.215 69.3115 206.673 69.1716C212.509 65.1749 219.288 62.21 226.664 60.5857V92.0817C216.776 92.6349 208.857 100.908 208.857 110.945C208.857 120.982 216.776 129.255 226.664 129.808V161.932ZM185.911 148.191C182.858 145.889 180.11 143.348 177.72 140.609C157.256 117.575 160.102 81.5517 160.352 77.8884C161.337 63.4203 165.464 46.9437 173.477 34.4098C176.688 29.3853 180.875 24.5291 185.911 20.1269V148.191ZM234.244 0.278774C250.678 -1.01212 269.244 2.07552 288.982 11.7357C289.425 11.9527 272.294 44.3956 272.738 44.6194C257.357 36.2779 244.468 34.8668 234.244 37.1758V0.278774ZM234.244 59.4184C236.056 59.256 237.894 59.172 239.754 59.172C311.47 59.172 313.674 158.375 234.244 161.891V129.596C243.204 128.145 250.103 120.313 250.103 110.945C250.103 101.576 243.204 93.7451 234.244 92.2936V59.4184ZM378.067 161.995C356.322 161.995 337.164 153.504 325.914 140.609C305.45 117.575 308.296 81.5517 308.546 77.8884C309.531 63.4203 313.658 46.9437 321.671 34.4098C332.528 17.426 354.519 2.36022 382.775 0.249478V37.0996C371.964 39.4399 364.099 45.9353 359.387 52.8607C356.147 57.6236 354.336 63.7595 353.503 69.6047C353.955 69.457 354.409 69.3115 354.866 69.1716C362.738 63.7813 372.324 60.2672 382.775 59.3884V92.3504C381.69 92.1541 380.574 92.0514 379.435 92.0514H375.913C365.539 92.0514 357.051 100.553 357.051 110.945C357.051 121.336 365.539 129.838 375.913 129.838H379.435C380.574 129.838 381.69 129.736 382.775 129.539V161.884C381.237 161.957 379.667 161.995 378.067 161.995ZM390.355 0.00277551C395.32 0.0446269 400.451 0.482414 405.727 1.37649V38.2766C400.175 36.69 395.048 36.0709 390.355 36.198V0.00277551ZM390.355 59.2104C395.922 59.3884 401.046 60.1829 405.727 61.4882V157.514C401.066 159.198 395.944 160.456 390.355 161.204V126.326C395.154 122.892 398.297 117.268 398.297 110.945C398.297 104.621 395.154 98.998 390.355 95.5638V59.2104ZM413.307 2.95836C421.018 4.8615 428.995 7.73217 437.176 11.7357C437.619 11.9527 420.487 44.3956 420.932 44.6194C418.318 43.2017 415.777 41.9879 413.307 40.9549V2.95836ZM413.307 64.2005C450.662 80.8093 452.112 134.087 413.307 154.201V64.2005Z\" fill=\"white\"\/>\n<\/svg>\n\t\t\t\t\t<h1 class=\"hero__title\">Odkryj mieszkania w promocyjnych cenach <\/h1>\n\t\t\t\t\t<p class=\"hero__description\">Najwa\u017cniejszy adres w okolicy &#8211; Pryncypanlana 66<\/p>\n\t\t\t\t\t\t\t\t\t\t\t<a href=\"#mieszkania\" \n\t\t\t\t\t\tclass=\"btn go-to\" \n\t\t\t\t\t\ttarget=\"\">\n\t\t\t\t\t\t\tZobacz mieszkania\t\t\t\t\t\t<\/a>\n\t\t\t\t\t\t\t\t\t<\/div>\n\t\t\t<\/div>\n\t\t<\/section>\n\t\t\n\n\n\t\t\n\n\t\t\n\t\t<section id=\"mieszkania\" class=\"apartaments mb\">\n\t\t\t<div class=\"container\">\n\t\t\t\t<div class=\"apartaments__header\">\n\t\t\t\t\tDost\u0119pne mieszkania:\t\t\t\t\t<span>4<\/span>\n\t\t\t\t<\/div>\n\n\t\t\t\t<div class=\"apartaments__wrapper\" id=\"apartaments-f2e323e6ce333b16f917bec2e0779f47\">\n\t\t\t\t\t\t\t\t\t\t\t\t\t\t\t\t\t\t<article class=\"apartament-item\">\n\t\t\t\t\t\t\t\t\t\t\t\t\t\t\t\t<div class=\"apartament-header\">\n\t\t\t\t\t\t\t\t\tmieszkanie w promocji\t\t\t\t\t\t\t\t<\/div>\n\t\t\t\t\t\t\t\t<div class=\"apartament-info\">\n\t\t\t\t\t\t\t\t\t<div class=\"img-wrapper\">\n\t\t\t\t\t\t\t\t\t\t\n\t\t\t\t\t\t\t\t\t\t<img decoding=\"async\" src=\"https:\/\/pryncypanlana.devoffteam.eu\/wp-content\/uploads\/2026\/03\/apartament.png\" alt=\"II.1.4\">\n\t\t\t\t\t\t\t\n\t\t\t\t\t\t\t\t\t<\/div>\n\t\t\t\t\t\t\t\t\t<div class=\"title-price\">\n\t\t\t\t\t\t\t\t\t\t<div class=\"title\">\n\t\t\t\t\t\t\t\t\t\t\tII.1.4\t\t\t\t\t\t\t\t\t\t<\/div>\n\t\t\t\t\t\t\t\t\t\t<div class=\"price\">\n\t\t\t\t\t\t\t\t\t\t\t380 940 z\u0142\n\t\t\t\t\t\t\t\t\t\t\t<del>417 220 z\u0142<\/del>\n\t\t\t\t\t\t\t\t\t\t\t<span>Najni\u017csza cena z 30 dni przed obni\u017ck\u0105<\/span>\n\t\t\t\t\t\t\t\t\t\t<\/div>\n\t\t\t\t\t\t\t\t\t<\/div>\n\t\t\t\t\t\t\t\t\t<div class=\"desc\">\n\t\t\t\t\t\t\t\t\t\t<div class=\"left\">\n\t\t\t\t\t\t\t\t\t\t\t<p>\n\t\t\t\t\t\t\t\t\t\t\t\tLiczba pokoi:\t\t\t\t\t\t\t\t\t\t\t\t<span>2<\/span>\n\t\t\t\t\t\t\t\t\t\t\t<\/p>\n\t\t\t\t\t\t\t\t\t\t\t<p>\n\t\t\t\t\t\t\t\t\t\t\t\tPi\u0119tro:\t\t\t\t\t\t\t\t\t\t\t\t<span>1<\/span>\n\t\t\t\t\t\t\t\t\t\t\t<\/p>\n\t\t\t\t\t\t\t\t\t\t<\/div>\n\n\t\t\t\t\t\t\t\t\t\t<div class=\"right\">\n\t\t\t\t\t\t\t\t\t\t\t<p>\n\t\t\t\t\t\t\t\t\t\t\t\t<span>36,28 m<sup>2<\/sup><\/span>\n\t\t\t\t\t\t\t\t\t\t\t<\/p>\n\t\t\t\t\t\t\t\t\t\t\t<p>\n\t\t\t\t\t\t\t\t\t\t\t\t\t\t\t\t\t\t\t\t\t\t\t\t<span class=\"free\">\n\t\t\t\t\t\t\t\t\t\t\t\t\tdost\u0119pne\t\t\t\t\t\t\t\t\t\t\t\t<\/span>\n\t\t\t\t\t\t\t\t\t\t\t<\/p>\n\t\t\t\t\t\t\t\t\t\t<\/div>\n\t\t\t\t\t\t\t\t\t<\/div>\n\t\t\t\t\t\t\t\t\t<div class=\"buttons\">\n\t\t\t\t\t\t\t\t\t\t\t\t\t\t\t\t\t\t\t\t<a href=\"#formularz\" class=\"ask-form btn\"data-txt=\"Jestem zainteresowany mieszkaniem: II.1.4\">\n\t\t\t\t\t\t\t\t\t\t\tZapytaj o mieszkanie\t\t\t\t\t\t\t\t\t\t<\/a>\n\t\t\t\t\t\t\t\t\t\t\t\t\t\t\t\t\t\t\t\t\t\n\t\t\t\t\t\t\t\t\t\t<a href=\"https:\/\/visiondevelopment.pl\/\" class=\"btn white\" target=\"_blank\">\n\t\t\t\t\t\t\t\t\t\t\tUm\u00f3w spotkanie\t\t\t\t\t\t\t\t\t\t<\/a>\n\t\t\t\t\t\t\t\t\t<\/div>\n\t\t\t\t\t\t\t\t<\/div>\n\t\t\t\t\t\t\t<\/article>\n\t\t\t\t\t\t\t\t\t\t\t\t\t<article class=\"apartament-item\">\n\t\t\t\t\t\t\t\t\t\t\t\t\t\t\t\t<div class=\"apartament-header\">\n\t\t\t\t\t\t\t\t\tmieszkanie w promocji\t\t\t\t\t\t\t\t<\/div>\n\t\t\t\t\t\t\t\t<div class=\"apartament-info\">\n\t\t\t\t\t\t\t\t\t<div class=\"img-wrapper\">\n\t\t\t\t\t\t\t\t\t\t\n\t\t\t\t\t\t\t\t\t\t<img decoding=\"async\" src=\"https:\/\/pryncypanlana.devoffteam.eu\/wp-content\/uploads\/2026\/03\/34.jpg\" alt=\"II.1.7\">\n\t\t\t\t\t\t\t\n\t\t\t\t\t\t\t\t\t<\/div>\n\t\t\t\t\t\t\t\t\t<div class=\"title-price\">\n\t\t\t\t\t\t\t\t\t\t<div class=\"title\">\n\t\t\t\t\t\t\t\t\t\t\tII.1.7\t\t\t\t\t\t\t\t\t\t<\/div>\n\t\t\t\t\t\t\t\t\t\t<div class=\"price\">\n\t\t\t\t\t\t\t\t\t\t\t442 694 z\u0142\n\t\t\t\t\t\t\t\t\t\t\t<del>485 674 z\u0142<\/del>\n\t\t\t\t\t\t\t\t\t\t\t<span>Najni\u017csza cena z 30 dni przed obni\u017ck\u0105<\/span>\n\t\t\t\t\t\t\t\t\t\t<\/div>\n\t\t\t\t\t\t\t\t\t<\/div>\n\t\t\t\t\t\t\t\t\t<div class=\"desc\">\n\t\t\t\t\t\t\t\t\t\t<div class=\"left\">\n\t\t\t\t\t\t\t\t\t\t\t<p>\n\t\t\t\t\t\t\t\t\t\t\t\tLiczba pokoi:\t\t\t\t\t\t\t\t\t\t\t\t<span>2<\/span>\n\t\t\t\t\t\t\t\t\t\t\t<\/p>\n\t\t\t\t\t\t\t\t\t\t\t<p>\n\t\t\t\t\t\t\t\t\t\t\t\tPi\u0119tro:\t\t\t\t\t\t\t\t\t\t\t\t<span>1<\/span>\n\t\t\t\t\t\t\t\t\t\t\t<\/p>\n\t\t\t\t\t\t\t\t\t\t<\/div>\n\n\t\t\t\t\t\t\t\t\t\t<div class=\"right\">\n\t\t\t\t\t\t\t\t\t\t\t<p>\n\t\t\t\t\t\t\t\t\t\t\t\t<span>42,98 m<sup>2<\/sup><\/span>\n\t\t\t\t\t\t\t\t\t\t\t<\/p>\n\t\t\t\t\t\t\t\t\t\t\t<p>\n\t\t\t\t\t\t\t\t\t\t\t\t\t\t\t\t\t\t\t\t\t\t\t\t<span class=\"free\">\n\t\t\t\t\t\t\t\t\t\t\t\t\tdost\u0119pne\t\t\t\t\t\t\t\t\t\t\t\t<\/span>\n\t\t\t\t\t\t\t\t\t\t\t<\/p>\n\t\t\t\t\t\t\t\t\t\t<\/div>\n\t\t\t\t\t\t\t\t\t<\/div>\n\t\t\t\t\t\t\t\t\t<div class=\"buttons\">\n\t\t\t\t\t\t\t\t\t\t\t\t\t\t\t\t\t\t\t\t<a href=\"#formularz\" class=\"ask-form btn\"data-txt=\"Jestem zainteresowany mieszkaniem: II.1.7\">\n\t\t\t\t\t\t\t\t\t\t\tZapytaj o mieszkanie\t\t\t\t\t\t\t\t\t\t<\/a>\n\t\t\t\t\t\t\t\t\t\t\t\t\t\t\t\t\t\t\t\t\t\n\t\t\t\t\t\t\t\t\t\t<a href=\"https:\/\/visiondevelopment.pl\/\" class=\"btn white\" target=\"_blank\">\n\t\t\t\t\t\t\t\t\t\t\tUm\u00f3w spotkanie\t\t\t\t\t\t\t\t\t\t<\/a>\n\t\t\t\t\t\t\t\t\t<\/div>\n\t\t\t\t\t\t\t\t<\/div>\n\t\t\t\t\t\t\t<\/article>\n\t\t\t\t\t\t\t\t\t\t\t\t\t<article class=\"apartament-item\">\n\t\t\t\t\t\t\t\t\t\t\t\t\t\t\t\t<div class=\"apartament-header\">\n\t\t\t\t\t\t\t\t\tmieszkanie w promocji\t\t\t\t\t\t\t\t<\/div>\n\t\t\t\t\t\t\t\t<div class=\"apartament-info\">\n\t\t\t\t\t\t\t\t\t<div class=\"img-wrapper\">\n\t\t\t\t\t\t\t\t\t\t\n\t\t\t\t\t\t\t\t\t\t<img decoding=\"async\" src=\"https:\/\/pryncypanlana.devoffteam.eu\/wp-content\/uploads\/2026\/03\/6.jpg\" alt=\"I.1.1\">\n\t\t\t\t\t\t\t\n\t\t\t\t\t\t\t\t\t<\/div>\n\t\t\t\t\t\t\t\t\t<div class=\"title-price\">\n\t\t\t\t\t\t\t\t\t\t<div class=\"title\">\n\t\t\t\t\t\t\t\t\t\t\tI.1.1\t\t\t\t\t\t\t\t\t\t<\/div>\n\t\t\t\t\t\t\t\t\t\t<div class=\"price\">\n\t\t\t\t\t\t\t\t\t\t\t557 704 z\u0142\n\t\t\t\t\t\t\t\t\t\t\t<del>599 000 z\u0142<\/del>\n\t\t\t\t\t\t\t\t\t\t\t<span>Najni\u017csza cena z 30 dni przed obni\u017ck\u0105<\/span>\n\t\t\t\t\t\t\t\t\t\t<\/div>\n\t\t\t\t\t\t\t\t\t<\/div>\n\t\t\t\t\t\t\t\t\t<div class=\"desc\">\n\t\t\t\t\t\t\t\t\t\t<div class=\"left\">\n\t\t\t\t\t\t\t\t\t\t\t<p>\n\t\t\t\t\t\t\t\t\t\t\t\tLiczba pokoi:\t\t\t\t\t\t\t\t\t\t\t\t<span>3<\/span>\n\t\t\t\t\t\t\t\t\t\t\t<\/p>\n\t\t\t\t\t\t\t\t\t\t\t<p>\n\t\t\t\t\t\t\t\t\t\t\t\tPi\u0119tro:\t\t\t\t\t\t\t\t\t\t\t\t<span>1<\/span>\n\t\t\t\t\t\t\t\t\t\t\t<\/p>\n\t\t\t\t\t\t\t\t\t\t<\/div>\n\n\t\t\t\t\t\t\t\t\t\t<div class=\"right\">\n\t\t\t\t\t\t\t\t\t\t\t<p>\n\t\t\t\t\t\t\t\t\t\t\t\t<span>60,62 m<sup>2<\/sup><\/span>\n\t\t\t\t\t\t\t\t\t\t\t<\/p>\n\t\t\t\t\t\t\t\t\t\t\t<p>\n\t\t\t\t\t\t\t\t\t\t\t\t\t\t\t\t\t\t\t\t\t\t\t\t<span class=\"free\">\n\t\t\t\t\t\t\t\t\t\t\t\t\tdost\u0119pne\t\t\t\t\t\t\t\t\t\t\t\t<\/span>\n\t\t\t\t\t\t\t\t\t\t\t<\/p>\n\t\t\t\t\t\t\t\t\t\t<\/div>\n\t\t\t\t\t\t\t\t\t<\/div>\n\t\t\t\t\t\t\t\t\t<div class=\"buttons\">\n\t\t\t\t\t\t\t\t\t\t\t\t\t\t\t\t\t\t\t\t<a href=\"#formularz\" class=\"ask-form btn\"data-txt=\"Jestem zainteresowany mieszkaniem: I.1.1\">\n\t\t\t\t\t\t\t\t\t\t\tZapytaj o mieszkanie\t\t\t\t\t\t\t\t\t\t<\/a>\n\t\t\t\t\t\t\t\t\t\t\t\t\t\t\t\t\t\t\t\t\t\n\t\t\t\t\t\t\t\t\t\t<a href=\"https:\/\/visiondevelopment.pl\/\" class=\"btn white\" target=\"_blank\">\n\t\t\t\t\t\t\t\t\t\t\tUm\u00f3w spotkanie\t\t\t\t\t\t\t\t\t\t<\/a>\n\t\t\t\t\t\t\t\t\t<\/div>\n\t\t\t\t\t\t\t\t<\/div>\n\t\t\t\t\t\t\t<\/article>\n\t\t\t\t\t\t\t\t\t\t\t\t\t<article class=\"apartament-item\">\n\t\t\t\t\t\t\t\t\t\t\t\t\t\t\t\t<div class=\"apartament-header\">\n\t\t\t\t\t\t\t\t\tmieszkanie w promocji\t\t\t\t\t\t\t\t<\/div>\n\t\t\t\t\t\t\t\t<div class=\"apartament-info\">\n\t\t\t\t\t\t\t\t\t<div class=\"img-wrapper\">\n\t\t\t\t\t\t\t\t\t\t\n\t\t\t\t\t\t\t\t\t\t<img decoding=\"async\" src=\"https:\/\/pryncypanlana.devoffteam.eu\/wp-content\/uploads\/2026\/03\/35.jpg\" alt=\"II.1.8\">\n\t\t\t\t\t\t\t\n\t\t\t\t\t\t\t\t\t<\/div>\n\t\t\t\t\t\t\t\t\t<div class=\"title-price\">\n\t\t\t\t\t\t\t\t\t\t<div class=\"title\">\n\t\t\t\t\t\t\t\t\t\t\tII.1.8\t\t\t\t\t\t\t\t\t\t<\/div>\n\t\t\t\t\t\t\t\t\t\t<div class=\"price\">\n\t\t\t\t\t\t\t\t\t\t\t1 065 944 z\u0142\n\t\t\t\t\t\t\t\t\t\t\t<del>1 187 074 z\u0142<\/del>\n\t\t\t\t\t\t\t\t\t\t\t<span>Najni\u017csza cena z 30 dni przed obni\u017ck\u0105<\/span>\n\t\t\t\t\t\t\t\t\t\t<\/div>\n\t\t\t\t\t\t\t\t\t<\/div>\n\t\t\t\t\t\t\t\t\t<div class=\"desc\">\n\t\t\t\t\t\t\t\t\t\t<div class=\"left\">\n\t\t\t\t\t\t\t\t\t\t\t<p>\n\t\t\t\t\t\t\t\t\t\t\t\tLiczba pokoi:\t\t\t\t\t\t\t\t\t\t\t\t<span>6<\/span>\n\t\t\t\t\t\t\t\t\t\t\t<\/p>\n\t\t\t\t\t\t\t\t\t\t\t<p>\n\t\t\t\t\t\t\t\t\t\t\t\tPi\u0119tro:\t\t\t\t\t\t\t\t\t\t\t\t<span>1<\/span>\n\t\t\t\t\t\t\t\t\t\t\t<\/p>\n\t\t\t\t\t\t\t\t\t\t<\/div>\n\n\t\t\t\t\t\t\t\t\t\t<div class=\"right\">\n\t\t\t\t\t\t\t\t\t\t\t<p>\n\t\t\t\t\t\t\t\t\t\t\t\t<span>121,13 m<sup>2<\/sup><\/span>\n\t\t\t\t\t\t\t\t\t\t\t<\/p>\n\t\t\t\t\t\t\t\t\t\t\t<p>\n\t\t\t\t\t\t\t\t\t\t\t\t\t\t\t\t\t\t\t\t\t\t\t\t<span class=\"free\">\n\t\t\t\t\t\t\t\t\t\t\t\t\tdost\u0119pne\t\t\t\t\t\t\t\t\t\t\t\t<\/span>\n\t\t\t\t\t\t\t\t\t\t\t<\/p>\n\t\t\t\t\t\t\t\t\t\t<\/div>\n\t\t\t\t\t\t\t\t\t<\/div>\n\t\t\t\t\t\t\t\t\t<div class=\"buttons\">\n\t\t\t\t\t\t\t\t\t\t\t\t\t\t\t\t\t\t\t\t<a href=\"#formularz\" class=\"ask-form btn\"data-txt=\"Jestem zainteresowany mieszkaniem: II.1.8\">\n\t\t\t\t\t\t\t\t\t\t\tZapytaj o mieszkanie\t\t\t\t\t\t\t\t\t\t<\/a>\n\t\t\t\t\t\t\t\t\t\t\t\t\t\t\t\t\t\t\t\t\t\n\t\t\t\t\t\t\t\t\t\t<a href=\"https:\/\/visiondevelopment.pl\/\" class=\"btn white\" target=\"_blank\">\n\t\t\t\t\t\t\t\t\t\t\tUm\u00f3w spotkanie\t\t\t\t\t\t\t\t\t\t<\/a>\n\t\t\t\t\t\t\t\t\t<\/div>\n\t\t\t\t\t\t\t\t<\/div>\n\t\t\t\t\t\t\t<\/article>\n\t\t\t\t\t\t\t\t\t\t\t\t\t\t\t<\/div>\n\n\t\t\t\t\t\t\t<\/div>\n\t\t<\/section>\n\n\t\t<style>\n\t\t\t#apartaments-f2e323e6ce333b16f917bec2e0779f47 .apartament-item.is-hidden {\n\t\t\t\tdisplay: none;\n\t\t\t}\n\t\t<\/style>\n\n\t\t<script>\n\t\t\tdocument.addEventListener('DOMContentLoaded', function () {\n\t\t\t\tconst toggleButton = document.querySelector('.apartaments-toggle[data-target=\"apartaments-f2e323e6ce333b16f917bec2e0779f47\"]');\n\n\t\t\t\tif (!toggleButton) {\n\t\t\t\t\treturn;\n\t\t\t\t}\n\n\t\t\t\tconst wrapper = document.getElementById(toggleButton.dataset.target);\n\n\t\t\t\tif (!wrapper) {\n\t\t\t\t\treturn;\n\t\t\t\t}\n\n\t\t\t\tconst items = wrapper.querySelectorAll('.apartament-item');\n\t\t\t\tconst visibleCount = 6;\n\t\t\t\tlet expanded = false;\n\n\t\t\t\ttoggleButton.addEventListener('click', function () {\n\t\t\t\t\texpanded = !expanded;\n\n\t\t\t\t\titems.forEach(function (item, index) {\n\t\t\t\t\t\tif (expanded) {\n\t\t\t\t\t\t\titem.classList.remove('is-hidden');\n\t\t\t\t\t\t} else {\n\t\t\t\t\t\t\tif (index >= visibleCount) {\n\t\t\t\t\t\t\t\titem.classList.add('is-hidden');\n\t\t\t\t\t\t\t}\n\t\t\t\t\t\t}\n\t\t\t\t\t});\n\n\t\t\t\t\ttoggleButton.textContent = expanded\n\t\t\t\t\t\t? 'Poka\u017c mniej'\n\t\t\t\t\t\t: 'Poka\u017c wi\u0119cej';\n\n\t\t\t\t\tif (!expanded) {\n\t\t\t\t\t\twrapper.scrollIntoView({\n\t\t\t\t\t\t\tbehavior: 'smooth',\n\t\t\t\t\t\t\tblock: 'start'\n\t\t\t\t\t\t});\n\t\t\t\t\t}\n\t\t\t\t});\n\t\t\t});\n\t\t<\/script>\n\n\t\t\n\n\t\t\n\t\t<section id=\"\" class=\"cta\" style=\"background-image: url('https:\/\/pryncypanlana.devoffteam.eu\/wp-content\/uploads\/2026\/03\/Pryncypalna_20-1-scaled-2.jpg');\">\n\t\t\t\n\t\t\t<div class=\"container\">\n\t\t\t\t<div class=\"cta__content\">\n\t\t\t\t\t<h2>Skorzystaj z promocyjnej <br \/>\r\noferty mieszka\u0144<\/h2>\n\t\t\t\t\t\t\t\t\t\t\t<a href=\"https:\/\/pryncypalna66.pl\/\" class=\"btn\" target=\"_blank\">\n\t\t\t\t\t\t\tZobacz szczeg\u00f3\u0142y\t\t\t\t\t\t<\/a>\n\t\t\t\t\t\t\t\t\t<\/div>\n\t\t\t<\/div>\n\t\t<\/section>\n\t\t\n\n\n\t\t\n\n\t\t\n\t\t<section id=\"kontakt\" class=\"contact\">\n\t\t\t\n\t\t\t<div class=\"container\">\n\t\t\t\t\t\t\t\t\t<h2>Vision Development\u2028<br \/>\r\nBiuro Sprzeda\u017cy<\/h2>\n\t\t\t\t\t\t\t\t<div class=\"contact__wrapper\">\n\t\t\t\t\t<div class=\"phone\">\n\t\t\t\t\t\t<span>\n\t\t\t\t\t\t\tZadzwo\u0144\t\t\t\t\t\t<\/span>\n\t\t\t\t\t\t<a href=\"tel:+48422069076\">\n\t\t\t\t\t\t\t\n\t\t\t\t\t\t\t+42 206 90 76\t\t\t\t\t\t<\/a>\n\t\t\t\t\t<\/div>\n\t\t\t\t\t<div class=\"address\">\n\t\t\t\t\t\t<span>\n\t\t\t\t\t\t\tOdwied\u017a nas\t\t\t\t\t\t<\/span>\n\t\t\t\t\t\t<p>ul. Marato\u0144ska 49C, 90-265 \u0141\u00f3d\u017a<br \/>\nPoniedzia\u0142ek-Pi\u0105tek<br \/>\n9.00-17.00<\/p>\n\t\t\t\t\t<\/div>\n\t\t\t\t<\/div>\n\t\t\t\t<div class=\"contact__form\" id=\"formularz\">\n\t\t\t\t\t<span>\n\t\t\t\t\t\tlub\t\t\t\t\t<\/span>\n\t\t\t\t\t\n<div class=\"wpcf7 no-js\" id=\"wpcf7-f9-o1\" lang=\"pl-PL\" dir=\"ltr\" data-wpcf7-id=\"9\">\n<div class=\"screen-reader-response\"><p role=\"status\" aria-live=\"polite\" aria-atomic=\"true\"><\/p> <ul><\/ul><\/div>\n<form action=\"\/index.php?rest_route=%2Fwp%2Fv2%2Fpages%2F2#wpcf7-f9-o1\" method=\"post\" class=\"wpcf7-form init\" aria-label=\"Formularz kontaktowy\" novalidate=\"novalidate\" data-status=\"init\">\n<fieldset class=\"hidden-fields-container\"><input type=\"hidden\" name=\"_wpcf7\" value=\"9\" \/><input type=\"hidden\" name=\"_wpcf7_version\" value=\"6.1.5\" \/><input type=\"hidden\" name=\"_wpcf7_locale\" value=\"pl_PL\" \/><input type=\"hidden\" name=\"_wpcf7_unit_tag\" value=\"wpcf7-f9-o1\" \/><input type=\"hidden\" name=\"_wpcf7_container_post\" value=\"0\" \/><input type=\"hidden\" name=\"_wpcf7_posted_data_hash\" value=\"\" \/>\n<\/fieldset>\n<h3>Zostaw nam swoje dane\u2028<br\/>a my skontaktujemy si\u0119 z Tob\u0105<\/h3>\n<span class=\"wpcf7-form-control-wrap\" data-name=\"your-name\"><input size=\"40\" maxlength=\"400\" class=\"wpcf7-form-control wpcf7-text wpcf7-validates-as-required\" aria-required=\"true\" aria-invalid=\"false\" placeholder=\"Jak mamy si\u0119 do Ciebie zwraca\u0107?\" value=\"\" type=\"text\" name=\"your-name\" \/><\/span>\n<div class=\"form-wrapper\">\n<div class=\"half\"><span class=\"wpcf7-form-control-wrap\" data-name=\"your-phone\"><input size=\"40\" maxlength=\"400\" class=\"wpcf7-form-control wpcf7-tel wpcf7-validates-as-required wpcf7-text wpcf7-validates-as-tel\" aria-required=\"true\" aria-invalid=\"false\" placeholder=\"Telefon\" value=\"\" type=\"tel\" name=\"your-phone\" \/><\/span><\/div>\n<div class=\"half\"><span class=\"wpcf7-form-control-wrap\" data-name=\"your-email\"><input size=\"40\" maxlength=\"400\" class=\"wpcf7-form-control wpcf7-email wpcf7-validates-as-required wpcf7-text wpcf7-validates-as-email\" aria-required=\"true\" aria-invalid=\"false\" placeholder=\"E-mail\" value=\"\" type=\"email\" name=\"your-email\" \/><\/span> <\/div>\n<\/div>\n<span class=\"wpcf7-form-control-wrap\" data-name=\"your-message\"><textarea cols=\"40\" rows=\"10\" maxlength=\"2000\" class=\"wpcf7-form-control wpcf7-textarea\" aria-invalid=\"false\" placeholder=\"Napisz wiadomo\u015b\u0107\" name=\"your-message\"><\/textarea><\/span>\n<span class=\"wpcf7-form-control-wrap\" data-name=\"rodo\"><span class=\"wpcf7-form-control wpcf7-acceptance\"><span class=\"wpcf7-list-item\"><label><input type=\"checkbox\" name=\"rodo\" value=\"1\" aria-invalid=\"false\" \/><span class=\"wpcf7-list-item-label\">Wyra\u017cam zgod\u0119 na przetwarzanie moich danych osobowych przez Vision Development sp. z o.o. w celu marketingu produkt\u00f3w lub us\u0142ug Vision Development sp. z o.o.<\/span><\/label><\/span><\/span><\/span>\n<span class=\"wpcf7-form-control-wrap\" data-name=\"newsletter\"><span class=\"wpcf7-form-control wpcf7-acceptance optional\"><span class=\"wpcf7-list-item\"><label><input type=\"checkbox\" name=\"newsletter\" value=\"1\" aria-invalid=\"false\" \/><span class=\"wpcf7-list-item-label\">Wyra\u017cam zgod\u0119 na otrzymywanie od Vision Development sp. z o.o. informacji handlowych na wskazany przeze mnie adres e-mail lub podany numer telefonu.<\/span><\/label><\/span><\/span><\/span>\n<p>Administratorem Pani\/Pana danych osobowych jest Vision Development Sp. z o.o. \u0141\u00f3d\u017a 90-265 Piotrkowska 44., Pani\/Pana dane osobowe w celu realizacji procesu ofertowania oraz w celu marketingowym, w tym profilowanie, przez Vision Development sp. z o.o. Zobacz tre\u015b\u0107 Polityki prywatno\u015bci<\/p>\n<input class=\"wpcf7-form-control wpcf7-submit has-spinner\" type=\"submit\" value=\"Wy\u015blij\" \/><div class=\"wpcf7-response-output\" aria-hidden=\"true\"><\/div>\n<\/form>\n<\/div>\n\t\t\t\t<\/div>\n\t\t\t<\/div>\n\t\t<\/section>\n\t\t\n\n\n\t\t","protected":false},"excerpt":{"rendered":"","protected":false},"author":1,"featured_media":0,"parent":0,"menu_order":0,"comment_status":"closed","ping_status":"open","template":"","meta":{"_acf_changed":false,"footnotes":""},"class_list":["post-2","page","type-page","status-publish","hentry"],"acf":[],"yoast_head":"<!-- This site is optimized with the Yoast SEO plugin v27.2 - https:\/\/yoast.com\/product\/yoast-seo-wordpress\/ -->\n<title>Strona g\u0142owna - Pryncypalna66<\/title>\n<meta name=\"robots\" content=\"noindex, follow, max-snippet:-1, max-image-preview:large, max-video-preview:-1\" \/>\n<meta property=\"og:locale\" content=\"en_US\" \/>\n<meta property=\"og:type\" content=\"article\" \/>\n<meta property=\"og:title\" content=\"Strona g\u0142owna - Pryncypalna66\" \/>\n<meta property=\"og:url\" content=\"https:\/\/pryncypanlana.devoffteam.eu\/\" \/>\n<meta property=\"og:site_name\" content=\"Pryncypalna66\" \/>\n<meta property=\"article:modified_time\" content=\"2026-03-18T12:08:27+00:00\" \/>\n<meta name=\"twitter:card\" content=\"summary_large_image\" \/>\n<script type=\"application\/ld+json\" class=\"yoast-schema-graph\">{\"@context\":\"https:\/\/schema.org\",\"@graph\":[{\"@type\":\"WebPage\",\"@id\":\"https:\/\/pryncypanlana.devoffteam.eu\/\",\"url\":\"https:\/\/pryncypanlana.devoffteam.eu\/\",\"name\":\"Strona g\u0142owna - Pryncypalna66\",\"isPartOf\":{\"@id\":\"https:\/\/pryncypanlana.devoffteam.eu\/#website\"},\"datePublished\":\"2026-03-16T10:22:36+00:00\",\"dateModified\":\"2026-03-18T12:08:27+00:00\",\"breadcrumb\":{\"@id\":\"https:\/\/pryncypanlana.devoffteam.eu\/#breadcrumb\"},\"inLanguage\":\"en-US\",\"potentialAction\":[{\"@type\":\"ReadAction\",\"target\":[\"https:\/\/pryncypanlana.devoffteam.eu\/\"]}]},{\"@type\":\"BreadcrumbList\",\"@id\":\"https:\/\/pryncypanlana.devoffteam.eu\/#breadcrumb\",\"itemListElement\":[{\"@type\":\"ListItem\",\"position\":1,\"name\":\"Strona g\u0142\u00f3wna\",\"item\":\"https:\/\/pryncypanlana.devoffteam.eu\/\"},{\"@type\":\"ListItem\",\"position\":2,\"name\":\"Strona g\u0142owna\"}]},{\"@type\":\"WebSite\",\"@id\":\"https:\/\/pryncypanlana.devoffteam.eu\/#website\",\"url\":\"https:\/\/pryncypanlana.devoffteam.eu\/\",\"name\":\"Pryncypalna66\",\"description\":\"\",\"publisher\":{\"@id\":\"https:\/\/pryncypanlana.devoffteam.eu\/#organization\"},\"potentialAction\":[{\"@type\":\"SearchAction\",\"target\":{\"@type\":\"EntryPoint\",\"urlTemplate\":\"https:\/\/pryncypanlana.devoffteam.eu\/?s={search_term_string}\"},\"query-input\":{\"@type\":\"PropertyValueSpecification\",\"valueRequired\":true,\"valueName\":\"search_term_string\"}}],\"inLanguage\":\"en-US\"},{\"@type\":\"Organization\",\"@id\":\"https:\/\/pryncypanlana.devoffteam.eu\/#organization\",\"name\":\"Pryncypalna66\",\"url\":\"https:\/\/pryncypanlana.devoffteam.eu\/\",\"logo\":{\"@type\":\"ImageObject\",\"inLanguage\":\"en-US\",\"@id\":\"https:\/\/pryncypanlana.devoffteam.eu\/#\/schema\/logo\/image\/\",\"url\":\"https:\/\/pryncypanlana.devoffteam.eu\/wp-content\/uploads\/2026\/03\/logo-ok.svg\",\"contentUrl\":\"https:\/\/pryncypanlana.devoffteam.eu\/wp-content\/uploads\/2026\/03\/logo-ok.svg\",\"caption\":\"Pryncypalna66\"},\"image\":{\"@id\":\"https:\/\/pryncypanlana.devoffteam.eu\/#\/schema\/logo\/image\/\"}}]}<\/script>\n<!-- \/ Yoast SEO plugin. -->","yoast_head_json":{"title":"Strona g\u0142owna - Pryncypalna66","robots":{"index":"noindex","follow":"follow","max-snippet":"max-snippet:-1","max-image-preview":"max-image-preview:large","max-video-preview":"max-video-preview:-1"},"og_locale":"en_US","og_type":"article","og_title":"Strona g\u0142owna - Pryncypalna66","og_url":"https:\/\/pryncypanlana.devoffteam.eu\/","og_site_name":"Pryncypalna66","article_modified_time":"2026-03-18T12:08:27+00:00","twitter_card":"summary_large_image","schema":{"@context":"https:\/\/schema.org","@graph":[{"@type":"WebPage","@id":"https:\/\/pryncypanlana.devoffteam.eu\/","url":"https:\/\/pryncypanlana.devoffteam.eu\/","name":"Strona g\u0142owna - Pryncypalna66","isPartOf":{"@id":"https:\/\/pryncypanlana.devoffteam.eu\/#website"},"datePublished":"2026-03-16T10:22:36+00:00","dateModified":"2026-03-18T12:08:27+00:00","breadcrumb":{"@id":"https:\/\/pryncypanlana.devoffteam.eu\/#breadcrumb"},"inLanguage":"en-US","potentialAction":[{"@type":"ReadAction","target":["https:\/\/pryncypanlana.devoffteam.eu\/"]}]},{"@type":"BreadcrumbList","@id":"https:\/\/pryncypanlana.devoffteam.eu\/#breadcrumb","itemListElement":[{"@type":"ListItem","position":1,"name":"Strona g\u0142\u00f3wna","item":"https:\/\/pryncypanlana.devoffteam.eu\/"},{"@type":"ListItem","position":2,"name":"Strona g\u0142owna"}]},{"@type":"WebSite","@id":"https:\/\/pryncypanlana.devoffteam.eu\/#website","url":"https:\/\/pryncypanlana.devoffteam.eu\/","name":"Pryncypalna66","description":"","publisher":{"@id":"https:\/\/pryncypanlana.devoffteam.eu\/#organization"},"potentialAction":[{"@type":"SearchAction","target":{"@type":"EntryPoint","urlTemplate":"https:\/\/pryncypanlana.devoffteam.eu\/?s={search_term_string}"},"query-input":{"@type":"PropertyValueSpecification","valueRequired":true,"valueName":"search_term_string"}}],"inLanguage":"en-US"},{"@type":"Organization","@id":"https:\/\/pryncypanlana.devoffteam.eu\/#organization","name":"Pryncypalna66","url":"https:\/\/pryncypanlana.devoffteam.eu\/","logo":{"@type":"ImageObject","inLanguage":"en-US","@id":"https:\/\/pryncypanlana.devoffteam.eu\/#\/schema\/logo\/image\/","url":"https:\/\/pryncypanlana.devoffteam.eu\/wp-content\/uploads\/2026\/03\/logo-ok.svg","contentUrl":"https:\/\/pryncypanlana.devoffteam.eu\/wp-content\/uploads\/2026\/03\/logo-ok.svg","caption":"Pryncypalna66"},"image":{"@id":"https:\/\/pryncypanlana.devoffteam.eu\/#\/schema\/logo\/image\/"}}]}},"_links":{"self":[{"href":"https:\/\/pryncypanlana.devoffteam.eu\/index.php?rest_route=\/wp\/v2\/pages\/2","targetHints":{"allow":["GET"]}}],"collection":[{"href":"https:\/\/pryncypanlana.devoffteam.eu\/index.php?rest_route=\/wp\/v2\/pages"}],"about":[{"href":"https:\/\/pryncypanlana.devoffteam.eu\/index.php?rest_route=\/wp\/v2\/types\/page"}],"author":[{"embeddable":true,"href":"https:\/\/pryncypanlana.devoffteam.eu\/index.php?rest_route=\/wp\/v2\/users\/1"}],"replies":[{"embeddable":true,"href":"https:\/\/pryncypanlana.devoffteam.eu\/index.php?rest_route=%2Fwp%2Fv2%2Fcomments&post=2"}],"version-history":[{"count":12,"href":"https:\/\/pryncypanlana.devoffteam.eu\/index.php?rest_route=\/wp\/v2\/pages\/2\/revisions"}],"predecessor-version":[{"id":83,"href":"https:\/\/pryncypanlana.devoffteam.eu\/index.php?rest_route=\/wp\/v2\/pages\/2\/revisions\/83"}],"wp:attachment":[{"href":"https:\/\/pryncypanlana.devoffteam.eu\/index.php?rest_route=%2Fwp%2Fv2%2Fmedia&parent=2"}],"curies":[{"name":"wp","href":"https:\/\/api.w.org\/{rel}","templated":true}]}}